{"id":245,"date":"2025-07-24T07:14:45","date_gmt":"2025-07-24T07:14:45","guid":{"rendered":"https:\/\/nepalknotcraft.com\/?page_id=245"},"modified":"2025-08-04T07:14:41","modified_gmt":"2025-08-04T07:14:41","slug":"accessories-2","status":"publish","type":"page","link":"https:\/\/nepalknotcraft.com\/index.php\/accessories-2\/","title":{"rendered":"Accessories"},"content":{"rendered":"\n\n\n<p class=\"has-text-align-center has-x-large-font-size\">Accessories <\/p>\n\n\n\n\n\n<p>Lorem Ipsum has been the industry&#8217;s standard dummy text ever since the 1500s.<\/p>\n\n\n\n\n\n<p class=\"has-text-align-center has-x-large-font-size\">Earrings <\/p>\n\n\n\n\n\nNepal Knotcraft Centre specializes in Macram\u00e9 products, The possibility of products, that can be made by macram\u00e9 is nearly endless. We specialize in customization of macram\u00e9 accessories, such as earrings, bracelets keyrings and many more. As per the order Nepal Knotcraft Centre can customize your accessories in terms of colors, design and raw materials. while primarily natural fibers are used in accessories, It is possible   \n\n\n\n<figure class=\"wp-block-gallery has-nested-images columns-default is-cropped has-border-color has-base-border-color has-base-background-color has-background wp-block-gallery-1 is-layout-flex wp-block-gallery-is-layout-flex\" style=\"border-width:70px;border-radius:0px\">\n<figure class=\"wp-block-image size-large is-style-default\"><img loading=\"lazy\" decoding=\"async\" width=\"683\" height=\"1024\" data-id=\"247\" src=\"https:\/\/nepalknotcraft.com\/wp-content\/uploads\/2025\/07\/DSCF8382-683x1024.jpg\" alt=\"\" class=\"wp-image-247\" srcset=\"https:\/\/nepalknotcraft.com\/wp-content\/uploads\/2025\/07\/DSCF8382-683x1024.jpg 683w, https:\/\/nepalknotcraft.com\/wp-content\/uploads\/2025\/07\/DSCF8382-200x300.jpg 200w, https:\/\/nepalknotcraft.com\/wp-content\/uploads\/2025\/07\/DSCF8382-768x1152.jpg 768w, https:\/\/nepalknotcraft.com\/wp-content\/uploads\/2025\/07\/DSCF8382-1024x1536.jpg 1024w, https:\/\/nepalknotcraft.com\/wp-content\/uploads\/2025\/07\/DSCF8382-1365x2048.jpg 1365w, https:\/\/nepalknotcraft.com\/wp-content\/uploads\/2025\/07\/DSCF8382-scaled.jpg 1707w\" sizes=\"auto, (max-width: 683px) 100vw, 683px\" \/><\/figure>\n\n\n\n<figure class=\"wp-block-image size-large\"><img loading=\"lazy\" decoding=\"async\" width=\"683\" height=\"1024\" data-id=\"249\" src=\"https:\/\/nepalknotcraft.com\/wp-content\/uploads\/2025\/07\/DSCF8385-683x1024.jpg\" alt=\"\" class=\"wp-image-249\" srcset=\"https:\/\/nepalknotcraft.com\/wp-content\/uploads\/2025\/07\/DSCF8385-683x1024.jpg 683w, https:\/\/nepalknotcraft.com\/wp-content\/uploads\/2025\/07\/DSCF8385-200x300.jpg 200w, https:\/\/nepalknotcraft.com\/wp-content\/uploads\/2025\/07\/DSCF8385-768x1152.jpg 768w, https:\/\/nepalknotcraft.com\/wp-content\/uploads\/2025\/07\/DSCF8385-1024x1536.jpg 1024w, https:\/\/nepalknotcraft.com\/wp-content\/uploads\/2025\/07\/DSCF8385-1365x2048.jpg 1365w, https:\/\/nepalknotcraft.com\/wp-content\/uploads\/2025\/07\/DSCF8385-scaled.jpg 1707w\" sizes=\"auto, (max-width: 683px) 100vw, 683px\" \/><\/figure>\n\n\n\n<figure class=\"wp-block-image size-large\"><img loading=\"lazy\" decoding=\"async\" width=\"683\" height=\"1024\" data-id=\"246\" src=\"https:\/\/nepalknotcraft.com\/wp-content\/uploads\/2025\/07\/DSCF8393-683x1024.jpg\" alt=\"\" class=\"wp-image-246\" srcset=\"https:\/\/nepalknotcraft.com\/wp-content\/uploads\/2025\/07\/DSCF8393-683x1024.jpg 683w, https:\/\/nepalknotcraft.com\/wp-content\/uploads\/2025\/07\/DSCF8393-200x300.jpg 200w, https:\/\/nepalknotcraft.com\/wp-content\/uploads\/2025\/07\/DSCF8393-768x1152.jpg 768w, https:\/\/nepalknotcraft.com\/wp-content\/uploads\/2025\/07\/DSCF8393-1024x1536.jpg 1024w, https:\/\/nepalknotcraft.com\/wp-content\/uploads\/2025\/07\/DSCF8393-1365x2048.jpg 1365w, https:\/\/nepalknotcraft.com\/wp-content\/uploads\/2025\/07\/DSCF8393-scaled.jpg 1707w\" sizes=\"auto, (max-width: 683px) 100vw, 683px\" \/><\/figure>\n\n\n\n<figure class=\"wp-block-image size-large\"><img loading=\"lazy\" decoding=\"async\" width=\"683\" height=\"1024\" data-id=\"248\" src=\"https:\/\/nepalknotcraft.com\/wp-content\/uploads\/2025\/07\/DSCF8401-683x1024.jpg\" alt=\"\" class=\"wp-image-248\" srcset=\"https:\/\/nepalknotcraft.com\/wp-content\/uploads\/2025\/07\/DSCF8401-683x1024.jpg 683w, https:\/\/nepalknotcraft.com\/wp-content\/uploads\/2025\/07\/DSCF8401-200x300.jpg 200w, https:\/\/nepalknotcraft.com\/wp-content\/uploads\/2025\/07\/DSCF8401-768x1152.jpg 768w, https:\/\/nepalknotcraft.com\/wp-content\/uploads\/2025\/07\/DSCF8401-1024x1536.jpg 1024w, https:\/\/nepalknotcraft.com\/wp-content\/uploads\/2025\/07\/DSCF8401-1365x2048.jpg 1365w, https:\/\/nepalknotcraft.com\/wp-content\/uploads\/2025\/07\/DSCF8401-scaled.jpg 1707w\" sizes=\"auto, (max-width: 683px) 100vw, 683px\" \/><\/figure>\n\n\n\n<figure class=\"wp-block-image size-large\"><img loading=\"lazy\" decoding=\"async\" width=\"683\" height=\"1024\" data-id=\"251\" src=\"https:\/\/nepalknotcraft.com\/wp-content\/uploads\/2025\/07\/DSCF8410-683x1024.jpg\" alt=\"\" class=\"wp-image-251\" srcset=\"https:\/\/nepalknotcraft.com\/wp-content\/uploads\/2025\/07\/DSCF8410-683x1024.jpg 683w, https:\/\/nepalknotcraft.com\/wp-content\/uploads\/2025\/07\/DSCF8410-200x300.jpg 200w, https:\/\/nepalknotcraft.com\/wp-content\/uploads\/2025\/07\/DSCF8410-768x1152.jpg 768w, https:\/\/nepalknotcraft.com\/wp-content\/uploads\/2025\/07\/DSCF8410-1024x1536.jpg 1024w, https:\/\/nepalknotcraft.com\/wp-content\/uploads\/2025\/07\/DSCF8410-1365x2048.jpg 1365w, https:\/\/nepalknotcraft.com\/wp-content\/uploads\/2025\/07\/DSCF8410-scaled.jpg 1707w\" sizes=\"auto, (max-width: 683px) 100vw, 683px\" \/><\/figure>\n\n\n\n<figure class=\"wp-block-image size-large\"><img loading=\"lazy\" decoding=\"async\" width=\"683\" height=\"1024\" data-id=\"252\" src=\"https:\/\/nepalknotcraft.com\/wp-content\/uploads\/2025\/07\/DSCF8415-683x1024.jpg\" alt=\"\" class=\"wp-image-252\" srcset=\"https:\/\/nepalknotcraft.com\/wp-content\/uploads\/2025\/07\/DSCF8415-683x1024.jpg 683w, https:\/\/nepalknotcraft.com\/wp-content\/uploads\/2025\/07\/DSCF8415-200x300.jpg 200w, https:\/\/nepalknotcraft.com\/wp-content\/uploads\/2025\/07\/DSCF8415-768x1152.jpg 768w, https:\/\/nepalknotcraft.com\/wp-content\/uploads\/2025\/07\/DSCF8415-1024x1536.jpg 1024w, https:\/\/nepalknotcraft.com\/wp-content\/uploads\/2025\/07\/DSCF8415-1365x2048.jpg 1365w, https:\/\/nepalknotcraft.com\/wp-content\/uploads\/2025\/07\/DSCF8415-scaled.jpg 1707w\" sizes=\"auto, (max-width: 683px) 100vw, 683px\" \/><\/figure>\n<\/figure>\n\n\n\n\n\n<h2 class=\"wp-block-heading\"><\/h2>\n","protected":false},"excerpt":{"rendered":"<p>Accessories Earrings<\/p>\n","protected":false},"author":1,"featured_media":349,"parent":0,"menu_order":0,"comment_status":"closed","ping_status":"closed","template":"superbaddons-page-template","meta":{"pagelayer_contact_templates":[],"_pagelayer_content":"","footnotes":""},"class_list":["post-245","page","type-page","status-publish","has-post-thumbnail","hentry"],"yoast_head":"<!-- This site is optimized with the Yoast SEO plugin v25.8 - https:\/\/yoast.com\/wordpress\/plugins\/seo\/ -->\n<title>Accessories - Nepal Knotcraft Centre<\/title>\n<meta name=\"robots\" content=\"index, follow, max-snippet:-1, max-image-preview:large, max-video-preview:-1\" \/>\n<link rel=\"canonical\" href=\"https:\/\/nepalknotcraft.com\/index.php\/accessories-2\/\" \/>\n<meta property=\"og:locale\" content=\"en_US\" \/>\n<meta property=\"og:type\" content=\"article\" \/>\n<meta property=\"og:title\" content=\"Accessories - Nepal Knotcraft Centre\" \/>\n<meta property=\"og:description\" content=\"Accessories Earrings\" \/>\n<meta property=\"og:url\" content=\"https:\/\/nepalknotcraft.com\/index.php\/accessories-2\/\" \/>\n<meta property=\"og:site_name\" content=\"Nepal Knotcraft Centre\" \/>\n<meta property=\"article:publisher\" content=\"https:\/\/www.facebook.com\/nepalknotcraftcentre\/\" \/>\n<meta property=\"article:modified_time\" content=\"2025-08-04T07:14:41+00:00\" \/>\n<meta property=\"og:image\" content=\"https:\/\/nepalknotcraft.com\/wp-content\/uploads\/2025\/07\/DSCF7056-1-scaled.jpg\" \/>\n\t<meta property=\"og:image:width\" content=\"2560\" \/>\n\t<meta property=\"og:image:height\" content=\"1332\" \/>\n\t<meta property=\"og:image:type\" content=\"image\/jpeg\" \/>\n<meta name=\"twitter:card\" content=\"summary_large_image\" \/>\n<script type=\"application\/ld+json\" class=\"yoast-schema-graph\">{\"@context\":\"https:\/\/schema.org\",\"@graph\":[{\"@type\":\"WebPage\",\"@id\":\"https:\/\/nepalknotcraft.com\/index.php\/accessories-2\/\",\"url\":\"https:\/\/nepalknotcraft.com\/index.php\/accessories-2\/\",\"name\":\"Accessories - Nepal Knotcraft Centre\",\"isPartOf\":{\"@id\":\"https:\/\/nepalknotcraft.com\/#website\"},\"primaryImageOfPage\":{\"@id\":\"https:\/\/nepalknotcraft.com\/index.php\/accessories-2\/#primaryimage\"},\"image\":{\"@id\":\"https:\/\/nepalknotcraft.com\/index.php\/accessories-2\/#primaryimage\"},\"thumbnailUrl\":\"https:\/\/nepalknotcraft.com\/wp-content\/uploads\/2025\/07\/DSCF7056-1-scaled.jpg\",\"datePublished\":\"2025-07-24T07:14:45+00:00\",\"dateModified\":\"2025-08-04T07:14:41+00:00\",\"breadcrumb\":{\"@id\":\"https:\/\/nepalknotcraft.com\/index.php\/accessories-2\/#breadcrumb\"},\"inLanguage\":\"en-US\",\"potentialAction\":[{\"@type\":\"ReadAction\",\"target\":[\"https:\/\/nepalknotcraft.com\/index.php\/accessories-2\/\"]}]},{\"@type\":\"ImageObject\",\"inLanguage\":\"en-US\",\"@id\":\"https:\/\/nepalknotcraft.com\/index.php\/accessories-2\/#primaryimage\",\"url\":\"https:\/\/nepalknotcraft.com\/wp-content\/uploads\/2025\/07\/DSCF7056-1-scaled.jpg\",\"contentUrl\":\"https:\/\/nepalknotcraft.com\/wp-content\/uploads\/2025\/07\/DSCF7056-1-scaled.jpg\",\"width\":2560,\"height\":1332},{\"@type\":\"BreadcrumbList\",\"@id\":\"https:\/\/nepalknotcraft.com\/index.php\/accessories-2\/#breadcrumb\",\"itemListElement\":[{\"@type\":\"ListItem\",\"position\":1,\"name\":\"Home\",\"item\":\"https:\/\/nepalknotcraft.com\/\"},{\"@type\":\"ListItem\",\"position\":2,\"name\":\"Accessories\"}]},{\"@type\":\"WebSite\",\"@id\":\"https:\/\/nepalknotcraft.com\/#website\",\"url\":\"https:\/\/nepalknotcraft.com\/\",\"name\":\"Nepal\",\"description\":\"\",\"publisher\":{\"@id\":\"https:\/\/nepalknotcraft.com\/#organization\"},\"potentialAction\":[{\"@type\":\"SearchAction\",\"target\":{\"@type\":\"EntryPoint\",\"urlTemplate\":\"https:\/\/nepalknotcraft.com\/?s={search_term_string}\"},\"query-input\":{\"@type\":\"PropertyValueSpecification\",\"valueRequired\":true,\"valueName\":\"search_term_string\"}}],\"inLanguage\":\"en-US\"},{\"@type\":\"Organization\",\"@id\":\"https:\/\/nepalknotcraft.com\/#organization\",\"name\":\"Nepal\",\"url\":\"https:\/\/nepalknotcraft.com\/\",\"logo\":{\"@type\":\"ImageObject\",\"inLanguage\":\"en-US\",\"@id\":\"https:\/\/nepalknotcraft.com\/#\/schema\/logo\/image\/\",\"url\":\"https:\/\/nepalknotcraft.com\/wp-content\/uploads\/2025\/07\/Knotcraft-Logo-Knot-PNG.png\",\"contentUrl\":\"https:\/\/nepalknotcraft.com\/wp-content\/uploads\/2025\/07\/Knotcraft-Logo-Knot-PNG.png\",\"width\":601,\"height\":600,\"caption\":\"Nepal\"},\"image\":{\"@id\":\"https:\/\/nepalknotcraft.com\/#\/schema\/logo\/image\/\"},\"sameAs\":[\"https:\/\/www.facebook.com\/nepalknotcraftcentre\/\",\"https:\/\/www.instagram.com\/nepalknotcraftcentre\/\"]}]}<\/script>\n<!-- \/ Yoast SEO plugin. -->","yoast_head_json":{"title":"Accessories - Nepal Knotcraft Centre","robots":{"index":"index","follow":"follow","max-snippet":"max-snippet:-1","max-image-preview":"max-image-preview:large","max-video-preview":"max-video-preview:-1"},"canonical":"https:\/\/nepalknotcraft.com\/index.php\/accessories-2\/","og_locale":"en_US","og_type":"article","og_title":"Accessories - Nepal Knotcraft Centre","og_description":"Accessories Earrings","og_url":"https:\/\/nepalknotcraft.com\/index.php\/accessories-2\/","og_site_name":"Nepal Knotcraft Centre","article_publisher":"https:\/\/www.facebook.com\/nepalknotcraftcentre\/","article_modified_time":"2025-08-04T07:14:41+00:00","og_image":[{"width":2560,"height":1332,"url":"https:\/\/nepalknotcraft.com\/wp-content\/uploads\/2025\/07\/DSCF7056-1-scaled.jpg","type":"image\/jpeg"}],"twitter_card":"summary_large_image","schema":{"@context":"https:\/\/schema.org","@graph":[{"@type":"WebPage","@id":"https:\/\/nepalknotcraft.com\/index.php\/accessories-2\/","url":"https:\/\/nepalknotcraft.com\/index.php\/accessories-2\/","name":"Accessories - Nepal Knotcraft Centre","isPartOf":{"@id":"https:\/\/nepalknotcraft.com\/#website"},"primaryImageOfPage":{"@id":"https:\/\/nepalknotcraft.com\/index.php\/accessories-2\/#primaryimage"},"image":{"@id":"https:\/\/nepalknotcraft.com\/index.php\/accessories-2\/#primaryimage"},"thumbnailUrl":"https:\/\/nepalknotcraft.com\/wp-content\/uploads\/2025\/07\/DSCF7056-1-scaled.jpg","datePublished":"2025-07-24T07:14:45+00:00","dateModified":"2025-08-04T07:14:41+00:00","breadcrumb":{"@id":"https:\/\/nepalknotcraft.com\/index.php\/accessories-2\/#breadcrumb"},"inLanguage":"en-US","potentialAction":[{"@type":"ReadAction","target":["https:\/\/nepalknotcraft.com\/index.php\/accessories-2\/"]}]},{"@type":"ImageObject","inLanguage":"en-US","@id":"https:\/\/nepalknotcraft.com\/index.php\/accessories-2\/#primaryimage","url":"https:\/\/nepalknotcraft.com\/wp-content\/uploads\/2025\/07\/DSCF7056-1-scaled.jpg","contentUrl":"https:\/\/nepalknotcraft.com\/wp-content\/uploads\/2025\/07\/DSCF7056-1-scaled.jpg","width":2560,"height":1332},{"@type":"BreadcrumbList","@id":"https:\/\/nepalknotcraft.com\/index.php\/accessories-2\/#breadcrumb","itemListElement":[{"@type":"ListItem","position":1,"name":"Home","item":"https:\/\/nepalknotcraft.com\/"},{"@type":"ListItem","position":2,"name":"Accessories"}]},{"@type":"WebSite","@id":"https:\/\/nepalknotcraft.com\/#website","url":"https:\/\/nepalknotcraft.com\/","name":"Nepal","description":"","publisher":{"@id":"https:\/\/nepalknotcraft.com\/#organization"},"potentialAction":[{"@type":"SearchAction","target":{"@type":"EntryPoint","urlTemplate":"https:\/\/nepalknotcraft.com\/?s={search_term_string}"},"query-input":{"@type":"PropertyValueSpecification","valueRequired":true,"valueName":"search_term_string"}}],"inLanguage":"en-US"},{"@type":"Organization","@id":"https:\/\/nepalknotcraft.com\/#organization","name":"Nepal","url":"https:\/\/nepalknotcraft.com\/","logo":{"@type":"ImageObject","inLanguage":"en-US","@id":"https:\/\/nepalknotcraft.com\/#\/schema\/logo\/image\/","url":"https:\/\/nepalknotcraft.com\/wp-content\/uploads\/2025\/07\/Knotcraft-Logo-Knot-PNG.png","contentUrl":"https:\/\/nepalknotcraft.com\/wp-content\/uploads\/2025\/07\/Knotcraft-Logo-Knot-PNG.png","width":601,"height":600,"caption":"Nepal"},"image":{"@id":"https:\/\/nepalknotcraft.com\/#\/schema\/logo\/image\/"},"sameAs":["https:\/\/www.facebook.com\/nepalknotcraftcentre\/","https:\/\/www.instagram.com\/nepalknotcraftcentre\/"]}]}},"_links":{"self":[{"href":"https:\/\/nepalknotcraft.com\/index.php\/wp-json\/wp\/v2\/pages\/245","targetHints":{"allow":["GET"]}}],"collection":[{"href":"https:\/\/nepalknotcraft.com\/index.php\/wp-json\/wp\/v2\/pages"}],"about":[{"href":"https:\/\/nepalknotcraft.com\/index.php\/wp-json\/wp\/v2\/types\/page"}],"author":[{"embeddable":true,"href":"https:\/\/nepalknotcraft.com\/index.php\/wp-json\/wp\/v2\/users\/1"}],"replies":[{"embeddable":true,"href":"https:\/\/nepalknotcraft.com\/index.php\/wp-json\/wp\/v2\/comments?post=245"}],"version-history":[{"count":7,"href":"https:\/\/nepalknotcraft.com\/index.php\/wp-json\/wp\/v2\/pages\/245\/revisions"}],"predecessor-version":[{"id":387,"href":"https:\/\/nepalknotcraft.com\/index.php\/wp-json\/wp\/v2\/pages\/245\/revisions\/387"}],"wp:featuredmedia":[{"embeddable":true,"href":"https:\/\/nepalknotcraft.com\/index.php\/wp-json\/wp\/v2\/media\/349"}],"wp:attachment":[{"href":"https:\/\/nepalknotcraft.com\/index.php\/wp-json\/wp\/v2\/media?parent=245"}],"curies":[{"name":"wp","href":"https:\/\/api.w.org\/{rel}","templated":true}]}}